{"id":8028,"date":"2018-12-10T03:06:47","date_gmt":"2018-12-10T03:06:47","guid":{"rendered":"http:\/\/travelhotel.wpengine.com\/?page_id=8028"},"modified":"2024-08-11T19:59:23","modified_gmt":"2024-08-11T19:59:23","slug":"about-us","status":"publish","type":"page","link":"https:\/\/ramsesegypt.com\/es\/about-us\/","title":{"rendered":"Sobre nosotros"},"content":{"rendered":"<div data-elementor-type=\"wp-page\" data-elementor-id=\"8028\" class=\"elementor elementor-8028\" data-elementor-settings=\"{&quot;ha_cmc_init_switcher&quot;:&quot;no&quot;}\">\n\t\t\t\t<div class=\"elementor-element elementor-element-c8f7523 e-con-full e-flex wpr-particle-no wpr-jarallax-no wpr-parallax-no wpr-sticky-section-no e-con e-parent\" data-id=\"c8f7523\" data-element_type=\"container\" data-e-type=\"container\" data-settings=\"{&quot;_ha_eqh_enable&quot;:false}\">\n\t\t\t\t<div class=\"elementor-element elementor-element-3e0b286 elementor-widget elementor-widget-image\" data-id=\"3e0b286\" data-element_type=\"widget\" data-e-type=\"widget\" data-widget_type=\"image.default\">\n\t\t\t\t<div class=\"elementor-widget-container\">\n\t\t\t\t\t\t\t\t\t\t\t\t\t\t\t<img fetchpriority=\"high\" decoding=\"async\" width=\"1300\" height=\"865\" src=\"https:\/\/ramsesegypt.com\/wp-content\/uploads\/2024\/08\/Ali-Voyage-Karnak-Luxor-temples-1.webp\" class=\"attachment-full size-full wp-image-13308\" alt=\"\" srcset=\"https:\/\/ramsesegypt.com\/wp-content\/uploads\/2024\/08\/Ali-Voyage-Karnak-Luxor-temples-1.webp 1300w, https:\/\/ramsesegypt.com\/wp-content\/uploads\/2024\/08\/Ali-Voyage-Karnak-Luxor-temples-1-768x511.webp 768w, https:\/\/ramsesegypt.com\/wp-content\/uploads\/2024\/08\/Ali-Voyage-Karnak-Luxor-temples-1-600x399.webp 600w, https:\/\/ramsesegypt.com\/wp-content\/uploads\/2024\/08\/Ali-Voyage-Karnak-Luxor-temples-1-18x12.webp 18w, https:\/\/ramsesegypt.com\/wp-content\/uploads\/2024\/08\/Ali-Voyage-Karnak-Luxor-temples-1-450x300.webp 450w\" sizes=\"(max-width: 1300px) 100vw, 1300px\" \/>\t\t\t\t\t\t\t\t\t\t\t\t\t\t\t<\/div>\n\t\t\t\t<\/div>\n\t\t\t\t<\/div>\n\t\t<div class=\"elementor-element elementor-element-fd12120 e-flex e-con-boxed wpr-particle-no wpr-jarallax-no wpr-parallax-no wpr-sticky-section-no e-con e-parent\" data-id=\"fd12120\" data-element_type=\"container\" data-e-type=\"container\" data-settings=\"{&quot;background_background&quot;:&quot;classic&quot;,&quot;_ha_eqh_enable&quot;:false}\">\n\t\t\t\t\t<div class=\"e-con-inner\">\n\t\t<div class=\"elementor-element elementor-element-199f51e e-con-full e-flex wpr-particle-no wpr-jarallax-no wpr-parallax-no wpr-sticky-section-no e-con e-child\" data-id=\"199f51e\" data-element_type=\"container\" data-e-type=\"container\" data-settings=\"{&quot;background_background&quot;:&quot;classic&quot;,&quot;_ha_eqh_enable&quot;:false}\">\n\t\t\t\t<div class=\"elementor-element elementor-element-8c3fcad elementor-view-default elementor-widget elementor-widget-icon\" data-id=\"8c3fcad\" data-element_type=\"widget\" data-e-type=\"widget\" data-widget_type=\"icon.default\">\n\t\t\t\t<div class=\"elementor-widget-container\">\n\t\t\t\t\t\t\t<div class=\"elementor-icon-wrapper\">\n\t\t\t<div class=\"elementor-icon\">\n\t\t\t<svg xmlns=\"http:\/\/www.w3.org\/2000\/svg\" width=\"69.414\" height=\"69.414\" viewbox=\"0 0 69.414 69.414\"><g id=\"send-2_broken\" transform=\"translate(-23 -30.586)\"><path id=\"Path_10316\" data-name=\"Path 10316\" d=\"M91,32,63.412,99,51.588,71.412M91,32,59.471,44.983M91,32,51.588,71.412m0,0L24,59.588,39.765,53.1\" transform=\"translate(0)\" fill=\"none\" stroke=\"#f6c800\" stroke-linecap=\"round\" stroke-linejoin=\"round\" stroke-width=\"2\"><\/path><\/g><\/svg>\t\t\t<\/div>\n\t\t<\/div>\n\t\t\t\t\t\t<\/div>\n\t\t\t\t<\/div>\n\t\t\t\t<div class=\"elementor-element elementor-element-704289c elementor-widget elementor-widget-heading\" data-id=\"704289c\" data-element_type=\"widget\" data-e-type=\"widget\" data-widget_type=\"heading.default\">\n\t\t\t\t<div class=\"elementor-widget-container\">\n\t\t\t\t\t<h2 class=\"elementor-heading-title elementor-size-default\">Misi\u00f3n<\/h2>\t\t\t\t<\/div>\n\t\t\t\t<\/div>\n\t\t\t\t<div class=\"elementor-element elementor-element-457b817 elementor-widget elementor-widget-text-editor\" data-id=\"457b817\" data-element_type=\"widget\" data-e-type=\"widget\" data-widget_type=\"text-editor.default\">\n\t\t\t\t<div class=\"elementor-widget-container\">\n\t\t\t\t\t\t\t\t\t<p>&#034;Brindar a los clientes el mejor servicio posible y garantizar que sus vacaciones en Egipto sean inolvidables&#034;.<\/p><h3>\u00a0<\/h3>\t\t\t\t\t\t\t\t<\/div>\n\t\t\t\t<\/div>\n\t\t\t\t<\/div>\n\t\t<div class=\"elementor-element elementor-element-9cdb0b5 e-con-full e-flex wpr-particle-no wpr-jarallax-no wpr-parallax-no wpr-sticky-section-no e-con e-child\" data-id=\"9cdb0b5\" data-element_type=\"container\" data-e-type=\"container\" data-settings=\"{&quot;background_background&quot;:&quot;classic&quot;,&quot;_ha_eqh_enable&quot;:false}\">\n\t\t\t\t<div class=\"elementor-element elementor-element-40ba973 elementor-view-default elementor-widget elementor-widget-icon\" data-id=\"40ba973\" data-element_type=\"widget\" data-e-type=\"widget\" data-widget_type=\"icon.default\">\n\t\t\t\t<div class=\"elementor-widget-container\">\n\t\t\t\t\t\t\t<div class=\"elementor-icon-wrapper\">\n\t\t\t<div class=\"elementor-icon\">\n\t\t\t<svg xmlns=\"http:\/\/www.w3.org\/2000\/svg\" width=\"84.333\" height=\"84.333\" viewbox=\"0 0 84.333 84.333\"><g id=\"location-2_outline\" transform=\"translate(-23 -23)\"><path id=\"Path_10315\" data-name=\"Path 10315\" d=\"M65.167,24v82.333M24,65.167h82.333m-9.148,0A32.019,32.019,0,1,1,65.167,33.148,32.018,32.018,0,0,1,97.185,65.167Z\" fill=\"none\" stroke=\"#f6c800\" stroke-linecap=\"round\" stroke-linejoin=\"round\" stroke-width=\"2\"><\/path><\/g><\/svg>\t\t\t<\/div>\n\t\t<\/div>\n\t\t\t\t\t\t<\/div>\n\t\t\t\t<\/div>\n\t\t\t\t<div class=\"elementor-element elementor-element-ea8a986 elementor-widget elementor-widget-heading\" data-id=\"ea8a986\" data-element_type=\"widget\" data-e-type=\"widget\" data-widget_type=\"heading.default\">\n\t\t\t\t<div class=\"elementor-widget-container\">\n\t\t\t\t\t<h2 class=\"elementor-heading-title elementor-size-default\">Meta<p><\/p><\/h2>\t\t\t\t<\/div>\n\t\t\t\t<\/div>\n\t\t\t\t<div class=\"elementor-element elementor-element-5bcacde elementor-widget elementor-widget-text-editor\" data-id=\"5bcacde\" data-element_type=\"widget\" data-e-type=\"widget\" data-widget_type=\"text-editor.default\">\n\t\t\t\t<div class=\"elementor-widget-container\">\n\t\t\t\t\t\t\t\t\t<p>\u00a0<\/p><p>\u201cOrganizar recorridos que se ajusten a las necesidades y presupuestos individuales, ofreciendo una variedad de recorridos y paquetes que incluyen visitas tur\u00edsticas, actividades culturales, actividades de aventura y m\u00e1s\u201d.<\/p><p style=\"text-align: center;\">\u00a0<\/p>\t\t\t\t\t\t\t\t<\/div>\n\t\t\t\t<\/div>\n\t\t\t\t<\/div>\n\t\t<div class=\"elementor-element elementor-element-30daa70 e-con-full e-flex wpr-particle-no wpr-jarallax-no wpr-parallax-no wpr-sticky-section-no e-con e-child\" data-id=\"30daa70\" data-element_type=\"container\" data-e-type=\"container\" data-settings=\"{&quot;background_background&quot;:&quot;classic&quot;,&quot;_ha_eqh_enable&quot;:false}\">\n\t\t\t\t<div class=\"elementor-element elementor-element-e0deaf1 elementor-view-default elementor-widget elementor-widget-icon\" data-id=\"e0deaf1\" data-element_type=\"widget\" data-e-type=\"widget\" data-widget_type=\"icon.default\">\n\t\t\t\t<div class=\"elementor-widget-container\">\n\t\t\t\t\t\t\t<div class=\"elementor-icon-wrapper\">\n\t\t\t<div class=\"elementor-icon\">\n\t\t\t<svg xmlns=\"http:\/\/www.w3.org\/2000\/svg\" width=\"82.491\" height=\"58.1\" viewbox=\"0 0 82.491 58.1\"><g id=\"eye-open_broken\" transform=\"translate(-15 -39)\"><path id=\"Path_10317\" data-name=\"Path 10317\" d=\"M96.143,68.05S81.571,96.1,56.071,96.1,16,68.05,16,68.05,30.571,40,56.071,40C67.6,40,76.9,45.737,83.625,52.021M44.05,68.05A12.021,12.021,0,1,0,56.071,56.029\" transform=\"translate(0 0)\" fill=\"none\" stroke=\"#f6c800\" stroke-linecap=\"round\" stroke-linejoin=\"round\" stroke-width=\"2\"><\/path><\/g><\/svg>\t\t\t<\/div>\n\t\t<\/div>\n\t\t\t\t\t\t<\/div>\n\t\t\t\t<\/div>\n\t\t\t\t<div class=\"elementor-element elementor-element-c798242 elementor-widget elementor-widget-heading\" data-id=\"c798242\" data-element_type=\"widget\" data-e-type=\"widget\" data-widget_type=\"heading.default\">\n\t\t\t\t<div class=\"elementor-widget-container\">\n\t\t\t\t\t<h2 class=\"elementor-heading-title elementor-size-default\">Visi\u00f3n<\/h2>\t\t\t\t<\/div>\n\t\t\t\t<\/div>\n\t\t\t\t<div class=\"elementor-element elementor-element-483d82d elementor-widget elementor-widget-text-editor\" data-id=\"483d82d\" data-element_type=\"widget\" data-e-type=\"widget\" data-widget_type=\"text-editor.default\">\n\t\t\t\t<div class=\"elementor-widget-container\">\n\t\t\t\t\t\t\t\t\t<h3>\u00a0<\/h3><p>&#034;Crear experiencias de viaje \u00fanicas y personalizadas para los turistas en Egipto&#034;.<\/p>\t\t\t\t\t\t\t\t<\/div>\n\t\t\t\t<\/div>\n\t\t\t\t<\/div>\n\t\t\t\t\t<\/div>\n\t\t\t\t<\/div>\n\t\t\t\t<section class=\"elementor-section elementor-top-section elementor-element elementor-element-ab7cbca elementor-section-boxed elementor-section-height-default elementor-section-height-default wpr-particle-no wpr-jarallax-no wpr-parallax-no wpr-sticky-section-no\" data-id=\"ab7cbca\" data-element_type=\"section\" data-e-type=\"section\" data-settings=\"{&quot;background_background&quot;:&quot;classic&quot;,&quot;_ha_eqh_enable&quot;:false}\">\n\t\t\t\t\t\t\t<div class=\"elementor-background-overlay\"><\/div>\n\t\t\t\t\t\t\t<div class=\"elementor-container elementor-column-gap-default\">\n\t\t\t\t\t<div class=\"elementor-column elementor-col-50 elementor-top-column elementor-element elementor-element-b4ea644\" data-id=\"b4ea644\" data-element_type=\"column\" data-e-type=\"column\" data-settings=\"{&quot;background_background&quot;:&quot;classic&quot;}\">\n\t\t\t<div class=\"elementor-widget-wrap elementor-element-populated\">\n\t\t\t\t\t\t<div class=\"elementor-element elementor-element-0a51ee2 elementor-widget elementor-widget-ha-slider happy-addon ha-slider\" data-id=\"0a51ee2\" data-element_type=\"widget\" data-e-type=\"widget\" data-settings=\"{&quot;animation_speed&quot;:300,&quot;autoplay&quot;:&quot;yes&quot;,&quot;autoplay_speed&quot;:3000,&quot;loop&quot;:&quot;yes&quot;,&quot;slides_transition&quot;:&quot;slide&quot;,&quot;navigation&quot;:&quot;arrow&quot;}\" data-widget_type=\"ha-slider.default\">\n\t\t\t\t<div class=\"elementor-widget-container\">\n\t\t\t\t\t\n\t\t<div class=\"hajs-slick ha-slick ha-slick--slider\">\n\n\t\t\t\n\t\t\t\t<div class=\"ha-slick-slide slick-slide\">\n\t\t\t\t\t<div class=\"ha-slick-item\">\n\t\t\t\t\t\t\t\t\t\t\t\t\t<img decoding=\"async\" class=\"ha-slick-img\" src=\"https:\/\/ramsesegypt.com\/wp-content\/uploads\/2024\/07\/cairo-pyramids.1-870x555-1-1200x900.webp\" alt=\"\" \/>\n\t\t\t\t\t\t\n\t\t\t\t\t\t\t\t\t\t\t<\/div>\n\t\t\t\t<\/div>\n\n\t\t\t\n\t\t\t\t<div class=\"ha-slick-slide slick-slide\">\n\t\t\t\t\t<div class=\"ha-slick-item\">\n\t\t\t\t\t\t\t\t\t\t\t\t\t<img decoding=\"async\" class=\"ha-slick-img\" src=\"https:\/\/ramsesegypt.com\/wp-content\/uploads\/2023\/10\/Boat-to-Ras-Mohamed-5-1200x900.webp\" alt=\"\" \/>\n\t\t\t\t\t\t\n\t\t\t\t\t\t\t\t\t\t\t<\/div>\n\t\t\t\t<\/div>\n\n\t\t\t\n\t\t\t\t<div class=\"ha-slick-slide slick-slide\">\n\t\t\t\t\t<div class=\"ha-slick-item\">\n\t\t\t\t\t\t\t\t\t\t\t\t\t<img decoding=\"async\" class=\"ha-slick-img\" src=\"https:\/\/ramsesegypt.com\/wp-content\/uploads\/2024\/07\/2076599236-1200x900.webp\" alt=\"\" \/>\n\t\t\t\t\t\t\n\t\t\t\t\t\t\t\t\t\t\t<\/div>\n\t\t\t\t<\/div>\n\n\t\t\t\n\t\t\t\t<div class=\"ha-slick-slide slick-slide\">\n\t\t\t\t\t<div class=\"ha-slick-item\">\n\t\t\t\t\t\t\t\t\t\t\t\t\t<img decoding=\"async\" class=\"ha-slick-img\" src=\"https:\/\/ramsesegypt.com\/wp-content\/uploads\/2024\/07\/Kom-Ombo-Edfu-Aswan-Egypt-shutterstock2116830029-1200x900.jpg\" alt=\"\" \/>\n\t\t\t\t\t\t\n\t\t\t\t\t\t\t\t\t\t\t<\/div>\n\t\t\t\t<\/div>\n\n\t\t\t\n\t\t<\/div>\n\n\t\t\t\t\t<button type=\"button\" class=\"slick-prev\"><svg aria-hidden=\"true\" class=\"e-font-icon-svg e-fas-chevron-left\" viewbox=\"0 0 320 512\" xmlns=\"http:\/\/www.w3.org\/2000\/svg\"><path d=\"M34.52 239.03L228.87 44.69c9.37-9.37 24.57-9.37 33.94 0l22.67 22.67c9.36 9.36 9.37 24.52.04 33.9L131.49 256l154.02 154.75c9.34 9.38 9.32 24.54-.04 33.9l-22.67 22.67c-9.37 9.37-24.57 9.37-33.94 0L34.52 272.97c-9.37-9.37-9.37-24.57 0-33.94z\"><\/path><\/svg><\/button>\n\t\t\n\t\t\t\t\t<button type=\"button\" class=\"slick-next\"><svg aria-hidden=\"true\" class=\"e-font-icon-svg e-fas-chevron-right\" viewbox=\"0 0 320 512\" xmlns=\"http:\/\/www.w3.org\/2000\/svg\"><path d=\"M285.476 272.971L91.132 467.314c-9.373 9.373-24.569 9.373-33.941 0l-22.667-22.667c-9.357-9.357-9.375-24.522-.04-33.901L188.505 256 34.484 101.255c-9.335-9.379-9.317-24.544.04-33.901l22.667-22.667c9.373-9.373 24.569-9.373 33.941 0L285.475 239.03c9.373 9.372 9.373 24.568.001 33.941z\"><\/path><\/svg><\/button>\n\t\t\n\t\t\t\t\t\t<\/div>\n\t\t\t\t<\/div>\n\t\t\t\t\t<\/div>\n\t\t<\/div>\n\t\t\t\t<div class=\"elementor-column elementor-col-50 elementor-top-column elementor-element elementor-element-7b983b8\" data-id=\"7b983b8\" data-element_type=\"column\" data-e-type=\"column\">\n\t\t\t<div class=\"elementor-widget-wrap elementor-element-populated\">\n\t\t\t\t\t\t<div class=\"elementor-element elementor-element-d0b9eb4 elementor-widget elementor-widget-heading\" data-id=\"d0b9eb4\" data-element_type=\"widget\" data-e-type=\"widget\" data-widget_type=\"heading.default\">\n\t\t\t\t<div class=\"elementor-widget-container\">\n\t\t\t\t\t<h2 class=\"elementor-heading-title elementor-size-default\">Rams\u00e9s Egipto<\/h2>\t\t\t\t<\/div>\n\t\t\t\t<\/div>\n\t\t\t\t<div class=\"elementor-element elementor-element-74d58bb elementor-widget elementor-widget-text-editor\" data-id=\"74d58bb\" data-element_type=\"widget\" data-e-type=\"widget\" data-widget_type=\"text-editor.default\">\n\t\t\t\t<div class=\"elementor-widget-container\">\n\t\t\t\t\t\t\t\t\t<p>Ramses Egypt, una empresa de viajes egipcia que se especializa en crear experiencias de viaje \u00fanicas y personalizadas para turistas en Egipto. Ofrecemos una variedad de tours y paquetes que incluyen visitas tur\u00edsticas, actividades culturales, actividades de aventura y m\u00e1s. Nuestro experimentado equipo de profesionales puede organizar cualquier recorrido que se adapte a sus necesidades y presupuesto individuales. Nos esforzamos por brindar a nuestros clientes el mejor servicio posible y garantizar que sus vacaciones en Egipto sean inolvidables. Ya sea que est\u00e9 buscando unas vacaciones familiares, una escapada rom\u00e1ntica o un viaje de negocios, \u00a1Rams\u00e9s lo ayudar\u00e1 a hacerlo realidad!<\/p>\t\t\t\t\t\t\t\t<\/div>\n\t\t\t\t<\/div>\n\t\t\t\t<div class=\"elementor-element elementor-element-d54ebee elementor-widget elementor-widget-text-editor\" data-id=\"d54ebee\" data-element_type=\"widget\" data-e-type=\"widget\" data-widget_type=\"text-editor.default\">\n\t\t\t\t<div class=\"elementor-widget-container\">\n\t\t\t\t\t\t\t\t\t<p><span style=\"color: #0e1638;\"><strong>Compartimos tu pasi\u00f3n<\/strong><\/span>: Entendemos que cada empresa tiene sus propios objetivos, compartimos su pasi\u00f3n por alcanzarlos y trabajamos estrechamente con usted para comprender sus necesidades y desarrollar una estrategia de marketing electr\u00f3nico personalizada que se adapte a sus necesidades.<\/p><p><span style=\"color: #0e1638;\"><strong>Te ayudamos a conseguir tus objetivos<\/strong><\/span>: Le brindamos una amplia gama de servicios de desarrollo comercial y marketing electr\u00f3nico que lo ayudar\u00e1n a lograr sus objetivos, como aumentar las ventas, mejorar el retorno de la inversi\u00f3n y construir una marca s\u00f3lida.<\/p><p><span style=\"color: #0e1638;\"><strong>Juntos llegamos a la cumbre<\/strong><\/span>: Creemos en la importancia del trabajo en equipo, compartimos cada paso de su viaje hacia el \u00e9xito con usted y trabajamos estrechamente con usted para garantizar que alcance sus objetivos.<\/p>\t\t\t\t\t\t\t\t<\/div>\n\t\t\t\t<\/div>\n\t\t\t\t\t<\/div>\n\t\t<\/div>\n\t\t\t\t\t<\/div>\n\t\t<\/section>\n\t\t\t\t<\/div>","protected":false},"excerpt":{"rendered":"<p>Mission &#8220;To provide clients with the best possible service and ensure that their holiday in Egypt is unforgettable.&#8221; \u00a0 Goal \u00a0 &#8220;To arrange tours to suit individual needs and budgets, offering a variety of tours and packages that include sightseeing, cultural activities, adventure activities, and more.&#8221; \u00a0 Vision \u00a0 &#8220;To create unique and personalized travel experiences for tourists in Egypt.&#8221; Ramses Egypt Ramses egypt an Egyptian travel company that specializes in creating unique and personalized travel experiences for tourists in Egypt. We offer a variety of tours and packages that include sightseeing, cultural activities, adventure activities and more. Our experienced team of professionals can arrange any tour to suit your individual needs and budget. We strive to provide our clients with the best possible service and ensure that your holiday in Egypt is unforgettable. Whether you are looking for a family holiday, a romantic getaway or a business trip, Ramses\u00a0 will help you make it happen! We share your passion: We understand that every company\u00a0 has its own goals, and we share your passion to achieve them and work closely with you to understand your needs and develop a customized e-marketing strategy that suits your needs. We help you achieve your goals: We provide you with a wide range of e-marketing and business development services that help you achieve your goals, such as increasing sales, improving return on investment, and building a strong brand. Together we reach the summit: We believe in the importance of teamwork, share every step of your success journey with you and work closely with you to ensure you achieve your goals.<\/p>","protected":false},"author":1,"featured_media":8141,"parent":0,"menu_order":0,"comment_status":"open","ping_status":"closed","template":"elementor_header_footer","meta":{"_monsterinsights_skip_tracking":false,"_monsterinsights_sitenote_active":false,"_monsterinsights_sitenote_note":"","_monsterinsights_sitenote_category":0,"footnotes":""},"class_list":["post-8028","page","type-page","status-publish","has-post-thumbnail","hentry"],"aioseo_notices":[],"_hostinger_reach_plugin_has_subscription_block":false,"_hostinger_reach_plugin_is_elementor":false,"_links":{"self":[{"href":"https:\/\/ramsesegypt.com\/es\/wp-json\/wp\/v2\/pages\/8028","targetHints":{"allow":["GET"]}}],"collection":[{"href":"https:\/\/ramsesegypt.com\/es\/wp-json\/wp\/v2\/pages"}],"about":[{"href":"https:\/\/ramsesegypt.com\/es\/wp-json\/wp\/v2\/types\/page"}],"author":[{"embeddable":true,"href":"https:\/\/ramsesegypt.com\/es\/wp-json\/wp\/v2\/users\/1"}],"replies":[{"embeddable":true,"href":"https:\/\/ramsesegypt.com\/es\/wp-json\/wp\/v2\/comments?post=8028"}],"version-history":[{"count":0,"href":"https:\/\/ramsesegypt.com\/es\/wp-json\/wp\/v2\/pages\/8028\/revisions"}],"wp:featuredmedia":[{"embeddable":true,"href":"https:\/\/ramsesegypt.com\/es\/wp-json\/"}],"wp:attachment":[{"href":"https:\/\/ramsesegypt.com\/es\/wp-json\/wp\/v2\/media?parent=8028"}],"curies":[{"name":"wp","href":"https:\/\/api.w.org\/{rel}","templated":true}]}}